{"id":2546,"date":"2025-12-02T02:48:06","date_gmt":"2025-12-02T02:48:06","guid":{"rendered":"https:\/\/stylevogue.shop\/?post_type=product&#038;p=2546"},"modified":"2025-12-19T18:22:23","modified_gmt":"2025-12-19T18:22:23","slug":"flor-de-esgueva-queso-viejo-de-oveja-mini-madurado-en-corteza-natural-1-kg-elaborado-con-leche-cruda-3","status":"publish","type":"product","link":"https:\/\/stylevogue.shop\/es\/producto\/flor-de-esgueva-queso-viejo-de-oveja-mini-madurado-en-corteza-natural-1-kg-elaborado-con-leche-cruda-3\/","title":{"rendered":"FLOR DE ESGUEVA Queso viejo de oveja, mini madurado en corteza natural , 1 kg elaborado con leche cruda"},"content":{"rendered":"<div data-elementor-type=\"product-post\" data-elementor-id=\"2546\" class=\"elementor elementor-2546\" data-elementor-post-type=\"product\">\n\t\t\t\t<div class=\"elementor-element elementor-element-ae9834a e-flex e-con-boxed e-con e-parent\" data-id=\"ae9834a\" data-element_type=\"container\" data-settings=\"{&quot;ekit_has_onepagescroll_dot&quot;:&quot;yes&quot;}\">\n\t\t\t\t\t<div class=\"e-con-inner\">\n\t\t\t\t<div class=\"elementor-element elementor-element-a733b7a elementor-widget elementor-widget-image\" data-id=\"a733b7a\" data-element_type=\"widget\" data-settings=\"{&quot;ekit_we_effect_on&quot;:&quot;none&quot;}\" data-widget_type=\"image.default\">\n\t\t\t\t<div class=\"elementor-widget-container\">\n\t\t\t\t\t\t\t\t\t\t\t\t\t\t\t<img fetchpriority=\"high\" decoding=\"async\" width=\"800\" height=\"600\" src=\"https:\/\/stylevogue.shop\/wp-content\/uploads\/2025\/12\/3.webp\" class=\"attachment-large size-large wp-image-2571 wvs-archive-product-image\" alt=\"\" srcset=\"https:\/\/stylevogue.shop\/wp-content\/uploads\/2025\/12\/3.webp 800w, https:\/\/stylevogue.shop\/wp-content\/uploads\/2025\/12\/3-300x225.webp 300w, https:\/\/stylevogue.shop\/wp-content\/uploads\/2025\/12\/3-768x576.webp 768w, https:\/\/stylevogue.shop\/wp-content\/uploads\/2025\/12\/3-16x12.webp 16w, https:\/\/stylevogue.shop\/wp-content\/uploads\/2025\/12\/3-110x83.webp 110w, https:\/\/stylevogue.shop\/wp-content\/uploads\/2025\/12\/3-60x45.webp 60w, https:\/\/stylevogue.shop\/wp-content\/uploads\/2025\/12\/3-600x450.webp 600w\" sizes=\"(max-width: 800px) 100vw, 800px\" \/>\t\t\t\t\t\t\t\t\t\t\t\t\t\t\t<\/div>\n\t\t\t\t<\/div>\n\t\t\t\t<div class=\"elementor-element elementor-element-de4f507 elementor-widget elementor-widget-image\" data-id=\"de4f507\" data-element_type=\"widget\" data-settings=\"{&quot;ekit_we_effect_on&quot;:&quot;none&quot;}\" data-widget_type=\"image.default\">\n\t\t\t\t<div class=\"elementor-widget-container\">\n\t\t\t\t\t\t\t\t\t\t\t\t\t\t\t<img decoding=\"async\" width=\"800\" height=\"600\" src=\"https:\/\/stylevogue.shop\/wp-content\/uploads\/2025\/12\/2.webp\" class=\"attachment-large size-large wp-image-2570 wvs-archive-product-image\" alt=\"\" srcset=\"https:\/\/stylevogue.shop\/wp-content\/uploads\/2025\/12\/2.webp 800w, https:\/\/stylevogue.shop\/wp-content\/uploads\/2025\/12\/2-300x225.webp 300w, https:\/\/stylevogue.shop\/wp-content\/uploads\/2025\/12\/2-768x576.webp 768w, https:\/\/stylevogue.shop\/wp-content\/uploads\/2025\/12\/2-16x12.webp 16w, https:\/\/stylevogue.shop\/wp-content\/uploads\/2025\/12\/2-110x83.webp 110w, https:\/\/stylevogue.shop\/wp-content\/uploads\/2025\/12\/2-60x45.webp 60w, https:\/\/stylevogue.shop\/wp-content\/uploads\/2025\/12\/2-600x450.webp 600w\" sizes=\"(max-width: 800px) 100vw, 800px\" \/>\t\t\t\t\t\t\t\t\t\t\t\t\t\t\t<\/div>\n\t\t\t\t<\/div>\n\t\t\t\t<div class=\"elementor-element elementor-element-ab44e17 elementor-widget elementor-widget-image\" data-id=\"ab44e17\" data-element_type=\"widget\" data-settings=\"{&quot;ekit_we_effect_on&quot;:&quot;none&quot;}\" data-widget_type=\"image.default\">\n\t\t\t\t<div class=\"elementor-widget-container\">\n\t\t\t\t\t\t\t\t\t\t\t\t\t\t\t<img decoding=\"async\" width=\"800\" height=\"600\" src=\"https:\/\/stylevogue.shop\/wp-content\/uploads\/2025\/12\/1.webp\" class=\"attachment-large size-large wp-image-2569 wvs-archive-product-image\" alt=\"\" srcset=\"https:\/\/stylevogue.shop\/wp-content\/uploads\/2025\/12\/1.webp 800w, https:\/\/stylevogue.shop\/wp-content\/uploads\/2025\/12\/1-300x225.webp 300w, https:\/\/stylevogue.shop\/wp-content\/uploads\/2025\/12\/1-768x576.webp 768w, https:\/\/stylevogue.shop\/wp-content\/uploads\/2025\/12\/1-16x12.webp 16w, https:\/\/stylevogue.shop\/wp-content\/uploads\/2025\/12\/1-110x83.webp 110w, https:\/\/stylevogue.shop\/wp-content\/uploads\/2025\/12\/1-60x45.webp 60w, https:\/\/stylevogue.shop\/wp-content\/uploads\/2025\/12\/1-600x450.webp 600w\" sizes=\"(max-width: 800px) 100vw, 800px\" \/>\t\t\t\t\t\t\t\t\t\t\t\t\t\t\t<\/div>\n\t\t\t\t<\/div>\n\t\t\t\t<div class=\"elementor-element elementor-element-4c5c0fc2 elementor-widget elementor-widget-text-editor\" data-id=\"4c5c0fc2\" data-element_type=\"widget\" data-settings=\"{&quot;ekit_we_effect_on&quot;:&quot;none&quot;}\" data-widget_type=\"text-editor.default\">\n\t\t\t\t<div class=\"elementor-widget-container\">\n\t\t\t\t\t\t\t\t\t<ul><li>Conservar entre +2\u00b0C y +6\u00b0C<\/li><li>Pa\u00eds de origen: Espa\u00f1a<\/li><li>Ingredientes: Leche de oveja, Sal, Conservador E- 252, Cuajo de origen animal (cordero), Fermentos l\u00e1cticos.<\/li><li>Corteza no comestible<\/li><li>Lista para consumir<\/li><\/ul>\t\t\t\t\t\t\t\t<\/div>\n\t\t\t\t<\/div>\n\t\t\t\t\t<\/div>\n\t\t\t\t<\/div>\n\t\t\t\t<\/div>","protected":false},"excerpt":{"rendered":"<p>Conservar entre +2\u00b0C y +6\u00b0C Pa\u00eds de origen: Espa\u00f1a Ingredientes: Leche de oveja, Sal, Conservador E- 252, Cuajo de origen animal (cordero), Fermentos l\u00e1cticos. Corteza no comestible Listo para consumir<\/p>","protected":false},"featured_media":2275,"comment_status":"open","ping_status":"closed","template":"","meta":{"_acf_changed":false},"product_brand":[],"product_cat":[55,61],"product_tag":[],"class_list":{"0":"post-2546","1":"product","2":"type-product","3":"status-publish","4":"has-post-thumbnail","6":"product_cat-best-seller","7":"product_cat-61","9":"first","10":"instock","11":"sale","12":"shipping-taxable","13":"purchasable","14":"product-type-simple"},"acf":[],"_links":{"self":[{"href":"https:\/\/stylevogue.shop\/es\/wp-json\/wp\/v2\/product\/2546","targetHints":{"allow":["GET"]}}],"collection":[{"href":"https:\/\/stylevogue.shop\/es\/wp-json\/wp\/v2\/product"}],"about":[{"href":"https:\/\/stylevogue.shop\/es\/wp-json\/wp\/v2\/types\/product"}],"replies":[{"embeddable":true,"href":"https:\/\/stylevogue.shop\/es\/wp-json\/wp\/v2\/comments?post=2546"}],"version-history":[{"count":0,"href":"https:\/\/stylevogue.shop\/es\/wp-json\/wp\/v2\/product\/2546\/revisions"}],"wp:featuredmedia":[{"embeddable":true,"href":"https:\/\/stylevogue.shop\/es\/wp-json\/wp\/v2\/media\/2275"}],"wp:attachment":[{"href":"https:\/\/stylevogue.shop\/es\/wp-json\/wp\/v2\/media?parent=2546"}],"wp:term":[{"taxonomy":"product_brand","embeddable":true,"href":"https:\/\/stylevogue.shop\/es\/wp-json\/wp\/v2\/product_brand?post=2546"},{"taxonomy":"product_cat","embeddable":true,"href":"https:\/\/stylevogue.shop\/es\/wp-json\/wp\/v2\/product_cat?post=2546"},{"taxonomy":"product_tag","embeddable":true,"href":"https:\/\/stylevogue.shop\/es\/wp-json\/wp\/v2\/product_tag?post=2546"}],"curies":[{"name":"wp","href":"https:\/\/api.w.org\/{rel}","templated":true}]}}